{"id":383,"date":"2014-02-03T13:44:19","date_gmt":"2014-02-03T13:44:19","guid":{"rendered":"http:\/\/h2262079.stratoserver.net\/wordpress\/?page_id=383"},"modified":"2026-03-31T12:37:19","modified_gmt":"2026-03-31T10:37:19","slug":"about_sportseven","status":"publish","type":"page","link":"https:\/\/sportsbar-management.de\/?page_id=383","title":{"rendered":"\u00dcber uns"},"content":{"rendered":"<p>Sportsbar bietet Sportlern eine umfassende Beratung und Betreuung. Wir sind spezialisiert auf die Bereiche Sport- und Vereinsrecht, Sportmanagement, Spielerberatung und -vermittlung. Bei uns werden Sie nicht nur individuell beraten, sondern erhalten ein auf ihre Bed\u00fcrfnisse zugeschnittenes Gesamtpaket aus einer Hand. In diesem Angebot sind dann selbstverst\u00e4ndlich alle rechtlich, steuerlich und wirtschaftlich relevanten Faktoren ber\u00fccksichtigt.<br \/>\n<blockquote class='style2'><p>\nUnser Team, bestehend aus Scouts, Rechtsanw\u00e4lten, Steuerberatern, \u00c4rzten, Physiotherapeuten, Immobilienmaklern und PR- und Marketingexperten, unterst\u00fctzt Sie in allen sportlichen, rechtlichen und medizinischen Angelegenheiten.<br \/>\n<\/p><\/blockquote>\n<div class=\"clear\"><\/div>\n<div class=\"clear\"><div class=\"one-fourth\"><a href=\"https:\/\/sportsbar-management.de\/wp-content\/uploads\/2014\/02\/VAnschuetz_SW.jpg\"><img loading=\"lazy\" decoding=\"async\" class=\"alignnone size-full wp-image-634\" src=\"https:\/\/sportsbar-management.de\/wp-content\/uploads\/2014\/02\/VAnschuetz_SW.jpg\" alt=\"VAnschuetz_SW\" width=\"150\" height=\"220\" \/><\/a><\/div>\n<div class=\"three-fourth\">\n<strong>Volker Henn-Ansch\u00fctz<br \/>\n<\/strong>Rechtsanwalt<br \/>\nFachanwalt f\u00fcr Handels- und Gesellschaftsrecht<br \/>\nVolker Henn-Ansch\u00fctz, 1966 geboren, studierte an den Universit\u00e4ten in Gie\u00dfen und M\u00fcnster. Seit 1995 ist er als Rechtsanwalt t\u00e4tig und ist seit 2012 Fachanwalt f\u00fcr Handels- und Gesellschaftsrecht.<\/div><\/div>\n<div class=\"clear\"><div class=\"one-fourth\"><a href=\"https:\/\/sportsbar-management.de\/wp-content\/uploads\/2014\/02\/GAnschuetz_SW.jpg\"><img loading=\"lazy\" decoding=\"async\" class=\"alignnone size-full wp-image-630\" src=\"https:\/\/sportsbar-management.de\/wp-content\/uploads\/2014\/02\/GAnschuetz_SW.jpg\" alt=\"GAnschuetz_SW\" width=\"150\" height=\"220\" \/><\/a><\/div>\n<div class=\"three-fourth\">\n<strong>Gundula Mayer-Ansch\u00fctz<br \/>\n<\/strong>Gesch\u00e4ftsf\u00fchrerin<br \/>\nGundula Henn-Ansch\u00fctz, 1971 geboren, hat Sportwissenschaften in T\u00fcbingen studiert und von 2003-2007 das Novotergum in Essen als Zentrumsmanagerin geleitet. Jetzt f\u00fchrt sie als Gesch\u00e4ftsf\u00fchrerin ein eigenes Zentrum f\u00fcr Physiotherapie.<\/div><\/div>\n","protected":false},"excerpt":{"rendered":"<p>Sportsbar bietet Sportlern eine umfassende Beratung und Betreuung. Wir sind spezialisiert auf die Bereiche Sport- und Vereinsrecht, Sportmanagement, Spielerberatung und -vermittlung. Bei uns werden Sie nicht nur individuell beraten, sondern [&hellip;]<\/p>\n","protected":false},"author":1069,"featured_media":0,"parent":0,"menu_order":0,"comment_status":"open","ping_status":"closed","template":"template-right-sidebar.php","meta":{"footnotes":""},"class_list":["post-383","page","type-page","status-publish","hentry"],"_links":{"self":[{"href":"https:\/\/sportsbar-management.de\/index.php?rest_route=\/wp\/v2\/pages\/383","targetHints":{"allow":["GET"]}}],"collection":[{"href":"https:\/\/sportsbar-management.de\/index.php?rest_route=\/wp\/v2\/pages"}],"about":[{"href":"https:\/\/sportsbar-management.de\/index.php?rest_route=\/wp\/v2\/types\/page"}],"author":[{"embeddable":true,"href":"https:\/\/sportsbar-management.de\/index.php?rest_route=\/wp\/v2\/users\/1069"}],"replies":[{"embeddable":true,"href":"https:\/\/sportsbar-management.de\/index.php?rest_route=%2Fwp%2Fv2%2Fcomments&post=383"}],"version-history":[{"count":2,"href":"https:\/\/sportsbar-management.de\/index.php?rest_route=\/wp\/v2\/pages\/383\/revisions"}],"predecessor-version":[{"id":769,"href":"https:\/\/sportsbar-management.de\/index.php?rest_route=\/wp\/v2\/pages\/383\/revisions\/769"}],"wp:attachment":[{"href":"https:\/\/sportsbar-management.de\/index.php?rest_route=%2Fwp%2Fv2%2Fmedia&parent=383"}],"curies":[{"name":"wp","href":"https:\/\/api.w.org\/{rel}","templated":true}]}}