{"id":389,"date":"2014-02-03T13:45:15","date_gmt":"2014-02-03T13:45:15","guid":{"rendered":"http:\/\/h2262079.stratoserver.net\/wordpress\/?page_id=389"},"modified":"2026-03-31T12:35:36","modified_gmt":"2026-03-31T10:35:36","slug":"impressum","status":"publish","type":"page","link":"https:\/\/sportsbar-management.de\/?page_id=389","title":{"rendered":"Impressum"},"content":{"rendered":"<h1>IMPRESSUM<\/h1>\n<p>Sportsbar Sport &amp; Eventmanagement GmbH<\/p>\n<p>ANSCHRIFT:<br \/>\nSportsbar Sport &amp;<br \/>\nEventmanagement GmbH<br \/>\nHeesenstra\u00dfe 70<br \/>\n40549 D\u00fcsseldorf<\/p>\n<p>KONTAKT:<br \/>\nFon: +49 [0]\u00a0211-8632 24 11<br \/>\nFax: +49 [0] 211-8694 50 89<br \/>\nE-Mail: kontakt@sportsbar-management.de<\/p>\n<p>SITZ DER GESELLSCHAFT: D\u00fcsseldorf<\/p>\n<p>GESCH\u00c4FTSLEITUNG: Vertretungsberechtigte Gesch\u00e4ftsf\u00fchrerin Frau Gundula Mayer-Ansch\u00fctz<\/p>\n<p>REGISTER: AG D\u00fcsseldorf. HRB\u00a070628<\/p>\n<p>USt-IdNr.: DE291503558<br \/>\nSteuer-Nr.: 105\/5843\/5119<br \/>\nFA D\u00fcsseldorf-Mitte<\/p>\n<p>Inhaltlich Verantwortlicher: 105\/5843\/5119<br \/>\nFrau Gundula Mayer-Ansch\u00fctz (Anschrift wie oben)<\/p>\n<h3>Haftungsausschluss \/ Disclaimer<\/h3>\n<p>f\u00fcr die Internetseiten der Sportsbar Sport &amp; Eventmanagement GmbH, nachfolgend \u201eBetreiber\u201c genannt.<\/p>\n<p>Erkl\u00e4rung: Mit Urteil vom 12. Mai 1998 hat das Landgericht Hamburg entschieden, dass man durch die Ausbringung eines Links die Inhalte der gelinkten Seite ggf. mit zu verantworten hat. Dies kann \u2013 so das LG \u2013 nur dadurch verhindert werden, dass man sich ausdr\u00fccklich von diesen Inhalten distanziert: Wir haben auf den zum Betreiber zusammengeschlossenen Websites zahlreiche Links zu anderen Seiten im Internet gelegt. F\u00fcr all diese Links gilt: Wir betonen ausdr\u00fccklich, dass wir keinen Einflu\u00df auf die Gestaltung und den Inhalt der Seiten haben, auf die verlinkt wird.Deshalb distanzieren wir uns hiermit ausdr\u00fccklich von allen Inhalten aller aufgef\u00fchrten Seiten und machen uns ihre Inhalte nicht zueigen. Diese Erkl\u00e4rung gilt f\u00fcr alle auf unseren Seiten enthaltenen Links zu externen Seiten und alle Inhalte dieser Seiten, zu denen diese Links f\u00fchren.<\/p>\n<p><strong>1. Inhalt des Onlineangebotes<\/strong><\/p>\n<p>Der Betreiber \u00fcbernimmt keinerlei Gew\u00e4hr f\u00fcr die Aktualit\u00e4t, Korrektheit, Vollst\u00e4ndigkeit oder Qualit\u00e4t der bereitgestellten Informationen. Haftungsanspr\u00fcche gegen den Betreiber, welche sich auf Sch\u00e4den materieller oder ideeller Art beziehen, die durch die Nutzung oder Nichtnutzung der dargebotenen Informationen bzw. durch die Nutzung fehlerhafter und unvollst\u00e4ndiger Informationen verursacht wurden sind grunds\u00e4tzlich ausgeschlossen, sofern seitens des Betreibers kein nachweislich vors\u00e4tzliches oder grob fahrl\u00e4ssiges Verschulden vorliegt. Alle Angebote sind freibleibend und unverbindlich. Der Betreiber beh\u00e4lt es sich ausdr\u00fccklich vor, Teile der Seiten oder das gesamte Angebot ohne gesonderte Ank\u00fcndigung zu ver\u00e4ndern, zu erg\u00e4nzen, zu l\u00f6schen oder die Ver\u00f6ffentlichung zeitweise oder endg\u00fcltig einzustellen.<\/p>\n<p><strong>2. Verweise und Links<\/strong><\/p>\n<p>Bei direkten oder indirekten Verweisen auf fremde Internetseiten (Links), die au\u00dferhalb des Verantwortungsbereiches des Betreibers liegen, w\u00fcrde eine Haftungsverpflichtung ausschlie\u00dflich in dem Fall in Kraft treten, in dem der Betreiber von den Inhalten Kenntnis hat und es ihm technisch m\u00f6glich und zumutbar w\u00e4re, die Nutzung im Falle rechtswidriger Inhalte zu verhindern. Der Betreiber erkl\u00e4rt daher ausdr\u00fccklich, dass zum Zeitpunkt der Linksetzung die entsprechenden verlinkten Seiten frei von illegalen Inhalten waren. Der Betreiber hat keinerlei Einfluss auf die aktuelle und zuk\u00fcnftige Gestaltung und auf die Inhalte der gelinkten\/verkn\u00fcpften Seiten. Deshalb distanziert er sich hiermit ausdr\u00fccklich von allen Inhalten aller gelinkten \/verkn\u00fcpften Seiten, die nach der Linksetzung ver\u00e4ndert wurden. Diese Feststellung gilt f\u00fcr alle innerhalb des eigenen Internetangebotes gesetzten Links und Verweise sowie f\u00fcr Fremdeintr\u00e4ge in dem Betreiber eingerichteten G\u00e4steb\u00fcchern, Diskussionsforen und Mailinglisten. F\u00fcr illegale, fehlerhafte oder unvollst\u00e4ndige Inhalte und insbesondere f\u00fcr Sch\u00e4den, die aus der Nutzung oder Nichtnutzung solcherart dargebotener Informationen entstehen, haftet allein der Anbieter der Seite, auf welche verwiesen wurde, nicht derjenige, der \u00fcber Links auf die jeweilige Ver\u00f6ffentlichung lediglich verweist.<\/p>\n<p><strong>3. Urheber- und Kennzeichenrecht<\/strong><\/p>\n<p>Der Betreiber ist bestrebt, in allen Publikationen die Urheberrechte der verwendeten Grafiken, Tondokumente, Videosequenzen und Texte zu beachten, von ihm selbst erstellte Grafiken, Tondokumente, Videosequenzen und Texte zu nutzen oder auf lizenzfreie Grafiken, Tondokumente, Videosequenzen und Texte zur\u00fcckzugreifen. Alle innerhalb des Internetangebotes genannten und ggf. durch Dritte gesch\u00fctzten Marken- und Warenzeichen unterliegen uneingeschr\u00e4nkt den Bestimmungen des jeweils g\u00fcltigen Kennzeichenrechts und den Besitzrechten der jeweiligen eingetragenen Eigent\u00fcmer. Allein aufgrund der blo\u00dfen Nennung ist nicht der Schlu\u00df zu ziehen, dass Markenzeichen nicht durch Rechte Dritter gesch\u00fctzt sind! Das Copyright f\u00fcr ver\u00f6ffentlichte oder selbst erstellte Objekte bleibt allein der Betreiber der Seiten. Eine Vervielf\u00e4ltigung oder Verwendung solcher Grafiken, Tondokumente, Videosequenzen und Texte in anderen elektronischen oder gedruckten Publikationen ist ohne ausdr\u00fcckliche Zustimmung des Betreibers nicht gestattet.<\/p>\n<p><strong>4. Datenschutz<\/strong><\/p>\n<p>Sofern innerhalb des Internetangebotes die M\u00f6glichkeit zur Eingabe pers\u00f6nlicher oder gesch\u00e4ftlicher Daten (Emailadressen, Namen, Anschriften, etc.) besteht, so erfolgt die Preisgabe dieser Daten seitens des Nutzers auf ausdr\u00fccklich freiwilliger Basis. Die Inanspruchnahme und Bezahlung aller angebotenen Dienste ist \u2013 soweit technisch m\u00f6glich und zumutbar \u2013 auch ohne Angabe solcher Daten bzw. unter Angabe anonymisierter Daten oder eines Pseudonyms gestattet. F\u00fcr die Bereitstellung von bestimmten Angeboten (Onlineshop, Gewinnspiele und Beantwortung von Anfragen) im Internetangebot des Betreibers ist es notwendig, die von Ihnen angegebenen personenbezogenen Daten (z.B. die E-Mail-Adresse) zu speichern. Ihre pers\u00f6nlichen Daten werden vom Betreiber nur f\u00fcr die angegebenen Zwecke gespeichert, nicht an Dritte weitergegeben und nach Wegfall des Zweckes unverz\u00fcglich gel\u00f6scht.<\/p>\n<p><strong>5. Rechtswirksamkeit dieses Haftungsausschlusses<\/strong><\/p>\n<p>Dieser Haftungsausschluss ist als Teil des Internetangebotes zu betrachten, von dem aus auf diese Seite verwiesen wurde. Sofern Teile oder einzelne Formulierungen dieses Textes der geltenden Rechtslage nicht, nicht mehr oder nicht vollst\u00e4ndig entsprechen sollten, bleiben die \u00fcbrigen Teile des Dokumentes in ihrem Inhalt und ihrer G\u00fcltigkeit davon unber\u00fchrt.<\/p>\n<p><strong>6. Alle Rechte vorbehalten.<\/strong><\/p>\n<p>Alle Informationen dienen zur pers\u00f6nlichen Information \u2013 jegliche Art von kommerzieller Nutzung von Inhalten, Abbildungen, Strukturen oder sonstigen M\u00f6glichkeiten ist nicht erlaubt. Die unter dieser Domain ver\u00f6ffentlichten Texte sind urheberrechtlich gesch\u00fctzt. F\u00fcr Fehler im Text, in Abbildungen oder in allen sonstigen downloadbaren Dokumenten wird keine Haftung \u00fcbernommen.<\/p>\n<p>.<\/p>\n<hr \/>\n<p>WERBEAGENTUR:<br \/>\nSpielvogel | Die Agentur f\u00fcr Werbung &amp; Marketing<br \/>\nIn der Karlwies 38<br \/>\n54316 Pluwig<br \/>\nFon: 0 65 88-98 32 01<br \/>\nFax: 0 65 88-98 32 02<br \/>\nWeb: agenturspielvogel.de<\/p>\n","protected":false},"excerpt":{"rendered":"<p>IMPRESSUM Sportsbar Sport &amp; Eventmanagement GmbH ANSCHRIFT: Sportsbar Sport &amp; Eventmanagement GmbH Heesenstra\u00dfe 70 40549 D\u00fcsseldorf KONTAKT: Fon: +49 [0]\u00a0211-8632 24 11 Fax: +49 [0] 211-8694 50 89 E-Mail: kontakt@sportsbar-management.de [&hellip;]<\/p>\n","protected":false},"author":1069,"featured_media":0,"parent":0,"menu_order":0,"comment_status":"open","ping_status":"closed","template":"","meta":{"footnotes":""},"class_list":["post-389","page","type-page","status-publish","hentry"],"_links":{"self":[{"href":"https:\/\/sportsbar-management.de\/index.php?rest_route=\/wp\/v2\/pages\/389","targetHints":{"allow":["GET"]}}],"collection":[{"href":"https:\/\/sportsbar-management.de\/index.php?rest_route=\/wp\/v2\/pages"}],"about":[{"href":"https:\/\/sportsbar-management.de\/index.php?rest_route=\/wp\/v2\/types\/page"}],"author":[{"embeddable":true,"href":"https:\/\/sportsbar-management.de\/index.php?rest_route=\/wp\/v2\/users\/1069"}],"replies":[{"embeddable":true,"href":"https:\/\/sportsbar-management.de\/index.php?rest_route=%2Fwp%2Fv2%2Fcomments&post=389"}],"version-history":[{"count":7,"href":"https:\/\/sportsbar-management.de\/index.php?rest_route=\/wp\/v2\/pages\/389\/revisions"}],"predecessor-version":[{"id":767,"href":"https:\/\/sportsbar-management.de\/index.php?rest_route=\/wp\/v2\/pages\/389\/revisions\/767"}],"wp:attachment":[{"href":"https:\/\/sportsbar-management.de\/index.php?rest_route=%2Fwp%2Fv2%2Fmedia&parent=389"}],"curies":[{"name":"wp","href":"https:\/\/api.w.org\/{rel}","templated":true}]}}