{"id":501,"date":"2015-01-06T15:17:44","date_gmt":"2015-01-06T15:17:44","guid":{"rendered":"http:\/\/wordpress.p247795.webspaceconfig.de\/?page_id=501"},"modified":"2015-07-09T12:08:18","modified_gmt":"2015-07-09T10:08:18","slug":"die_sportseven_leistungen","status":"publish","type":"page","link":"https:\/\/sportsbar-management.de\/?page_id=501","title":{"rendered":"LEISTUNGEN"},"content":{"rendered":"<p>Sportsbar bietet Sportlern eine umfassende Beratung und Betreuung. Wir sind spezialisiert auf die Bereiche Sport- und Vereinsrecht, Sportmanagement, Spielerberatung und -vermittlung. Bei uns werden Sie nicht nur individuell beraten, sondern erhalten ein auf ihre Bed\u00fcrfnisse zugeschnittenes Gesamtpaket aus einer Hand. In diesem Angebot sind dann selbstverst\u00e4ndlich alle rechtlich, steuerlich und wirtschaftlich relevanten Faktoren ber\u00fccksichtigt. <\/p>\n<p>Unser Team, bestehend aus Scouts, Rechtsanw\u00e4lten, Steuerberatern, \u00c4rzten, Physiotherapeuten, Immobilienmaklern und PR- und Marketingexperten, unterst\u00fctzt Sie in allen sportlichen, rechtlichen und medizinischen Angelegenheiten.<\/p>\n\n<ul class=\"tab-menu clear\"><li><a href=\"#0\">Rechtsberatung<\/a><\/li>\n<li><a href=\"#1\">Spielerberatung<\/a><\/li>\n<li><a href=\"#2\">Projekte<\/a><\/li><\/ul>\n<div class=\"tab-container\"><div id=\"0\" class=\"tab-content\">\n<p>Unsere Berater helfen Ihnen umfassend in allen relevanten Angelegenheiten.<\/p>\n<h2>Sportarbeitsrecht:<\/h2>\n<ul class=\"balloon\"><li> Vertragsgestaltung und der Vertrags\u00fcberpr\u00fcfung<\/li><li>Sponsoring<\/li><li>Arbeitnehmer\u00fcberlassung<\/li><li>Verg\u00fctung im Krankheitsfall und bei Urlaub<\/li><li>Befristung von Spielervertr\u00e4gen<\/li><li>Besch\u00e4ftigungsverbot und Schadensersatz bei Spielsperren<\/li><li>Vertragsstrafen<\/li><li>Arbeitsrechtliche Fragen bei Vereinswechsel: Amateure (Wechsel zu einem Amateurverein; Wechsel zu einem Lizenzverein) und Lizenzspieler<\/li><li>K\u00fcndigungen<\/li><li>Ausleihe von Spielern<\/li><\/ul>\n<h2>Versicherungsrecht:<\/h2>\n<ul class=\"balloon\"><li>Gesetzliche und private Krankenversicherung<\/li><li>Rentenversicherung<\/li><li>Lebensversicherung<\/li><li>Arbeitslosenversicherung<\/li><li>Unfallversicherung<\/li><li>Soziale Pflegeversicherung<\/li><\/ul>\n<h2>Sportsteuerrecht:<\/h2>\n<ul class=\"balloon\"><li>Besteuerung von Vereinen<\/li><li>Fragen zur Umsatzsteuer (Steuerbefreiung f\u00fcr sportliche Veranstaltungen, Vorsteuerabzug, Leistungen ausl\u00e4ndischer Unternehmen, Mitgliedsbeitr\u00e4ge, Sportst\u00e4tten\u00fcberlassung)<\/li><li>Spenden und Abz\u00fcge<\/li><li>Pflichten des Vereins als Arbeitgeber (Lohnsteuer, Mini Jobs, Freibetr\u00e4ge beim Ehrenamt, Steuerabzug bei Besch\u00e4ftigung ausl\u00e4ndischer Sportler, Nebenberufe, Besch\u00e4ftigung von Ehrenamtlichen, etc.)<\/li><li>Erstellen von Satzungen<\/li>\n<h2>Haftungsfragen:<\/h2>\n<li>Zivilrechtliche Haftung im Sport<\/li><li>Haftung der Sportler gegen\u00fcber anderen Sportlern, Sponsoren, Zuschauern, Schiedsrichtern, Verein<\/li><li>Haftung der Veranstalter<\/li><li>Haftung von Zuschauern<\/li><li>Haftung von Sportverb\u00e4nden (insbesondere wegen Verletzung des Pers\u00f6nlichkeitsrechts des Sportlers)<\/li><li>Internationale Haftung und Vertr\u00e4ge<\/li>\n<h2>Sportstrafrecht:<\/h2>\n<li>Alle Fragen des Sportstrafrechts, insbesondere im Rahmen der K\u00f6rperverletzung<\/li><li>Probleme im Zusammenhang mit Doping <\/li><li>(Das neue Anti-Doping Gesetz ist auf dem Weg.) Unsere Vertragsanw\u00e4lte helfen Ihnen gerne mit s\u00e4mtlichen rechtlichen Fragestellungen rund um das Thema Doping<\/li><\/ul>\n<h2>Vereinsrecht:<\/h2>\n<ul class=\"balloon\"><li>Fragen der Rechtsformwahl<\/li><li>Gr\u00fcndung eines Vereins<\/li><li>Erstellen und \u00dcberpr\u00fcfung von Satzungen<\/li><li>Hilfe bei der Organisation<\/li><li>Umwandlung des Vereins<\/li><li>Wechsel zu einer Kapitalgesellschaft und Verselbstst\u00e4ndigung der Profiabteilungen (insbesondere bei Fu\u00dfballvereinen)<\/li><li>Besonderheiten beim Eishockey<\/li><li>Sanierung und Insolvenz (insbesondere Fu\u00dfballvereine)<\/li><\/ul>\n<\/div>\n<div id=\"1\" class=\"tab-content\">\n<h2>Spielerberatung:<\/h2>\n<p>Unser Team betreut Spieler in allen relevanten Bereichen:<br \/>\n<ul class=\"balloon\"><li> Karriereplanung<\/li><li> Karriereverlauf<\/li><li> Versicherung<\/li><li> Vermarktung\/ PR<\/li><li> Management<\/li><\/ul>\n<\/div>\n<div id=\"2\" class=\"tab-content\">\n<h2>Projekte:<\/h2>\n<ul class=\"balloon\"><li> Fu\u00dfball: Wir beraten und betreuen Spieler von der Amateurliga bis zur 1. Bundesliga. Wir helfen Sportlern bei der Suche nach geeigneten Vereinen und f\u00fchren die entsprechenden Verhandlungen bis zu deren Abschluss. Dabei regeln wir den gesamten Transfer. Die Berater von SportSeven beraten Vereine oder Mitglieder von Vereinen bei der Gestaltung von Satzungen, Vertr\u00e4gen etc.<\/li><li> Handball: Wir beraten seit Jahren Handballvereine aus der Umgebung, erstellen Arbeitsvertr\u00e4ge und helfen bei Sanierungen und Umstrukturierungen.<\/li><li> Tennis: Wir sind Mitorganisator des Maserati Challenger in Meerbusch und beraten den Veranstalter in allen relevanten Bereichen.<\/li><li> Eishockey: Wir beraten und vertreten einen der gr\u00f6\u00dften und bekanntesten deutschen Eishockeyvereine. Unsere Vertragsanw\u00e4lte erstellen Arbeits-, Sponsoren und Gesellschaftsvertr\u00e4ge, Satzungen und helfen bei Umstrukturierungen.<\/li><\/ul>\n<\/div><\/div>\n\n","protected":false},"excerpt":{"rendered":"<p>Sportsbar bietet Sportlern eine umfassende Beratung und Betreuung. Wir sind spezialisiert auf die Bereiche Sport- und Vereinsrecht, Sportmanagement, Spielerberatung und -vermittlung. Bei uns werden Sie nicht nur individuell beraten, sondern [&hellip;]<\/p>\n","protected":false},"author":1069,"featured_media":0,"parent":0,"menu_order":0,"comment_status":"open","ping_status":"closed","template":"","meta":{"footnotes":""},"class_list":["post-501","page","type-page","status-publish","hentry"],"_links":{"self":[{"href":"https:\/\/sportsbar-management.de\/index.php?rest_route=\/wp\/v2\/pages\/501","targetHints":{"allow":["GET"]}}],"collection":[{"href":"https:\/\/sportsbar-management.de\/index.php?rest_route=\/wp\/v2\/pages"}],"about":[{"href":"https:\/\/sportsbar-management.de\/index.php?rest_route=\/wp\/v2\/types\/page"}],"author":[{"embeddable":true,"href":"https:\/\/sportsbar-management.de\/index.php?rest_route=\/wp\/v2\/users\/1069"}],"replies":[{"embeddable":true,"href":"https:\/\/sportsbar-management.de\/index.php?rest_route=%2Fwp%2Fv2%2Fcomments&post=501"}],"version-history":[{"count":0,"href":"https:\/\/sportsbar-management.de\/index.php?rest_route=\/wp\/v2\/pages\/501\/revisions"}],"wp:attachment":[{"href":"https:\/\/sportsbar-management.de\/index.php?rest_route=%2Fwp%2Fv2%2Fmedia&parent=501"}],"curies":[{"name":"wp","href":"https:\/\/api.w.org\/{rel}","templated":true}]}}